{"id":1122,"date":"2021-09-01T10:54:00","date_gmt":"2021-09-01T10:54:00","guid":{"rendered":"https:\/\/qi102.qodeinteractive.com\/?page_id=7"},"modified":"2024-11-09T10:46:31","modified_gmt":"2024-11-09T10:46:31","slug":"about","status":"publish","type":"page","link":"https:\/\/lavieinterieure.ch\/?page_id=1122","title":{"rendered":"About"},"content":{"rendered":"\t\t<div data-elementor-type=\"wp-page\" data-elementor-id=\"1122\" class=\"elementor elementor-1122\">\n\t\t\t\t\t\t<section class=\"elementor-section elementor-top-section elementor-element elementor-element-a473df3 elementor-section-full_width elementor-hidden-tablet elementor-section-height-default elementor-section-height-default qodef-elementor-content-no\" data-id=\"a473df3\" data-element_type=\"section\">\n\t\t\t\t\t\t<div class=\"elementor-container elementor-column-gap-default\">\n\t\t\t\t\t<div class=\"elementor-column elementor-col-50 elementor-top-column elementor-element elementor-element-73e2ba3 qodef-sticky-column--no\" data-id=\"73e2ba3\" data-element_type=\"column\" data-settings=\"{&quot;background_background&quot;:&quot;classic&quot;}\">\n\t\t\t<div class=\"elementor-widget-wrap elementor-element-populated\">\n\t\t\t\t\t\t<div class=\"elementor-element elementor-element-86712b3 elementor-widget__width-initial elementor-fixed elementor-hidden-tablet elementor-hidden-mobile elementor-widget elementor-widget-image\" data-id=\"86712b3\" data-element_type=\"widget\" data-settings=\"{&quot;_position&quot;:&quot;fixed&quot;}\" data-widget_type=\"image.default\">\n\t\t\t\t<div class=\"elementor-widget-container\">\n\t\t\t\t\t\t\t\t\t\t\t\t\t\t\t<img fetchpriority=\"high\" decoding=\"async\" width=\"800\" height=\"896\" src=\"https:\/\/lavieinterieure.ch\/wp-content\/uploads\/2024\/11\/Image-page-home-jaune-2.png\" class=\"attachment-large size-large wp-image-2022\" alt=\"\" srcset=\"https:\/\/lavieinterieure.ch\/wp-content\/uploads\/2024\/11\/Image-page-home-jaune-2.png 800w, https:\/\/lavieinterieure.ch\/wp-content\/uploads\/2024\/11\/Image-page-home-jaune-2-268x300.png 268w, https:\/\/lavieinterieure.ch\/wp-content\/uploads\/2024\/11\/Image-page-home-jaune-2-768x860.png 768w\" sizes=\"(max-width: 800px) 100vw, 800px\" \/>\t\t\t\t\t\t\t\t\t\t\t\t\t\t\t<\/div>\n\t\t\t\t<\/div>\n\t\t\t\t\t<\/div>\n\t\t<\/div>\n\t\t\t\t<div class=\"elementor-column elementor-col-50 elementor-top-column elementor-element elementor-element-e46e166 qodef-sticky-column--no\" data-id=\"e46e166\" data-element_type=\"column\" data-settings=\"{&quot;background_background&quot;:&quot;classic&quot;}\">\n\t\t\t<div class=\"elementor-widget-wrap elementor-element-populated\">\n\t\t\t\t\t\t<div class=\"elementor-element elementor-element-29fe5c1 elementor-widget elementor-widget-qi_addons_for_elementor_section_title\" data-id=\"29fe5c1\" data-element_type=\"widget\" data-widget_type=\"qi_addons_for_elementor_section_title.default\">\n\t\t\t\t<div class=\"elementor-widget-container\">\n\t\t\t\t\t<div class=\"qodef-shortcode qodef-m qodef-qi-section-title qodef-decoration--italic qodef-link--underline-draw qodef-subtitle-icon--left\">\n\t\t\t\t\t\t<h1 class=\"qodef-m-title\">\n\t\tHello, moi c'est Ornella\t<\/h1>\n\t\t\t<div class=\"qodef-m-text\"><div class=\"page\"><div class=\"section\"><div class=\"layoutArea\"><div class=\"column\"><p>Mon sourire est ma force, mon alli\u00e9. Il est empli d\u2019amour et de sinc\u00e9rit\u00e9, et m\u2019a accompagn\u00e9e \u00e0 travers toutes mes \u00e9preuves. Au fil des ann\u00e9es, il est devenu bien plus qu\u2019une expression : il incarne ma d\u00e9termination \u00e0 offrir aux autres un espace de paix et de r\u00e9confort.<\/p><p>Depuis toujours, j\u2019ai ressenti cet \u00e9lan naturel pour aider les autres. Adolescente, je jouais d\u00e9j\u00e0 le r\u00f4le de confidente, particuli\u00e8rement pour ma demi-s\u0153ur, pour qui j\u2019\u00e9tais toujours une oreille attentive. Dans mon entourage, puis au travail, cette \u00e9coute est devenue mon fil conducteur, mon langage. En regardant en arri\u00e8re, je r\u00e9alise que je me pr\u00e9destinais, sans le savoir, au chemin qui m\u2019a men\u00e9e jusqu\u2019\u00e0 ma vocation : devenir coach.<\/p><p>Aujourd\u2019hui, je suis anim\u00e9e par le d\u00e9sir d'accompagner chaque personne dans sa transformation int\u00e9rieure, en l\u2019aidant \u00e0 r\u00e9v\u00e9ler ses propres forces. Mon approche est \u00e0 la fois bienveillante, intuitive et centr\u00e9e sur vos besoins uniques. Avec une \u00e9coute attentive et des questions pertinentes, je cr\u00e9e un espace o\u00f9 chacun peut s\u2019explorer en toute s\u00e9curit\u00e9, sans jugement.<\/p><p>Les personnes que j\u2019accompagne disent souvent que je suis une source de lumi\u00e8re et de dynamisme, capable de saisir l\u2019\u00e9nergie et l\u2019essence de ceux que j\u2019accompagne. Mon intuition me guide pour poser les bonnes questions et mettre en place des outils sur mesure, afin que vous puissiez surmonter vos obstacles et avancer avec confiance.<\/p><p>J\u2019aime observer le potentiel qui sommeille en chacun de nous. Que vous traversiez une p\u00e9riode de doute, de transition, ou que vous cherchiez simplement \u00e0 mieux vous comprendre, mon accompagnement est con\u00e7u pour vous guider \u00e0 retrouver votre \u00e9quilibre et votre motivation.<\/p><\/div><\/div><\/div><\/div><\/div>\n\t<\/div>\n\t\t\t\t<\/div>\n\t\t\t\t<\/div>\n\t\t\t\t<div class=\"elementor-element elementor-element-fd9ab59 elementor-widget elementor-widget-qi_addons_for_elementor_premium_premium_button\" data-id=\"fd9ab59\" data-element_type=\"widget\" data-widget_type=\"qi_addons_for_elementor_premium_premium_button.default\">\n\t\t\t\t<div class=\"elementor-widget-container\">\n\t\t\t\t\t<div class=\"qodef-shortcode qodef-m qodef-qi-premium-button qodef-layout--svg qodef-svg--full qodef-hover--svg-follow-mouse\" href=\"https:\/\/www.instagram.com\/ornella_alomba\/\" target=\"_blank\" rel=\"nofollow\">\n\t<a class=\"qodef-m-link qodef-html--link\" href=\"https:\/\/www.instagram.com\/ornella_alomba\/\" target=\"_blank\" rel=\"nofollow\">\n\t\t<span class=\"qodef-m-text\">Suivez mon aventure sur insta<\/span>\n\t\t<span class=\"qodef-m-svg\">\n\t<svg x=\"0px\" y=\"0px\" width=\"231px\" height=\"173px\" viewBox=\"244.481 -38.794 231 173\" xml:space=\"preserve\"><path fill=\"none\" stroke=\"#E48E63\" d=\"M249.406,17.039c0,0,21.395-79.146,139.543-48.125C493.252-3.699,474.445,58.653,472.355,68.2  C449.601,172.062,209.708,150.525,249.406,17.039z\"><\/path><\/svg><\/span>\n\t<\/a>\n<\/div>\n\t\t\t\t<\/div>\n\t\t\t\t<\/div>\n\t\t\t\t\t<\/div>\n\t\t<\/div>\n\t\t\t\t\t<\/div>\n\t\t<\/section>\n\t\t\t\t<section class=\"elementor-section elementor-top-section elementor-element elementor-element-c6d419d elementor-section-full_width elementor-hidden-desktop elementor-hidden-mobile elementor-section-height-default elementor-section-height-default qodef-elementor-content-no\" data-id=\"c6d419d\" data-element_type=\"section\">\n\t\t\t\t\t\t<div class=\"elementor-container elementor-column-gap-default\">\n\t\t\t\t\t<div class=\"elementor-column elementor-col-100 elementor-top-column elementor-element elementor-element-28c0d93 qodef-sticky-column--no\" data-id=\"28c0d93\" data-element_type=\"column\" data-settings=\"{&quot;background_background&quot;:&quot;classic&quot;}\">\n\t\t\t<div class=\"elementor-widget-wrap elementor-element-populated\">\n\t\t\t\t\t\t<div class=\"elementor-element elementor-element-f96e404 elementor-widget elementor-widget-qi_addons_for_elementor_section_title\" data-id=\"f96e404\" data-element_type=\"widget\" data-widget_type=\"qi_addons_for_elementor_section_title.default\">\n\t\t\t\t<div class=\"elementor-widget-container\">\n\t\t\t\t\t<div class=\"qodef-shortcode qodef-m qodef-qi-section-title qodef-decoration--italic qodef-link--underline-draw qodef-subtitle-icon--left\">\n\t\t\t\t\t\t<h1 class=\"qodef-m-title\">\n\t\tHello, moi c'est Ornella\t<\/h1>\n\t\t\t<div class=\"qodef-m-text\"><div class=\"page\"><div class=\"section\"><div class=\"layoutArea\"><div class=\"column\"><p>Mon sourire est ma force, mon alli\u00e9. Il est empli d\u2019amour et de sinc\u00e9rit\u00e9, et m\u2019a accompagn\u00e9e \u00e0 travers toutes mes \u00e9preuves. Au fil des ann\u00e9es, il est devenu bien plus qu\u2019une expression : il incarne ma d\u00e9termination \u00e0 offrir aux autres un espace de paix et de r\u00e9confort.<\/p><p>Depuis toujours, j\u2019ai ressenti cet \u00e9lan naturel pour aider les autres. Adolescente, je jouais d\u00e9j\u00e0 le r\u00f4le de confidente, particuli\u00e8rement pour ma demi-s\u0153ur, pour qui j\u2019\u00e9tais toujours une oreille attentive. Dans mon entourage, puis au travail, cette \u00e9coute est devenue mon fil conducteur, mon langage. En regardant en arri\u00e8re, je r\u00e9alise que je me pr\u00e9destinais, sans le savoir, au chemin qui m\u2019a men\u00e9e jusqu\u2019\u00e0 ma vocation : devenir coach.<\/p><p>Aujourd\u2019hui, je suis anim\u00e9e par le d\u00e9sir d'accompagner chaque personne dans sa transformation int\u00e9rieure, en l\u2019aidant \u00e0 r\u00e9v\u00e9ler ses propres forces. Mon approche est \u00e0 la fois bienveillante, intuitive et centr\u00e9e sur vos besoins uniques. Avec une \u00e9coute attentive et des questions pertinentes, je cr\u00e9e un espace o\u00f9 chacun peut s\u2019explorer en toute s\u00e9curit\u00e9, sans jugement.<\/p><p>Les personnes que j\u2019accompagne disent souvent que je suis une source de lumi\u00e8re et de dynamisme, capable de saisir l\u2019\u00e9nergie et l\u2019essence de ceux que j\u2019accompagne. Mon intuition me guide pour poser les bonnes questions et mettre en place des outils sur mesure, afin que vous puissiez surmonter vos obstacles et avancer avec confiance.<\/p><p>J\u2019aime observer le potentiel qui sommeille en chacun de nous. Que vous traversiez une p\u00e9riode de doute, de transition, ou que vous cherchiez simplement \u00e0 mieux vous comprendre, mon accompagnement est con\u00e7u pour vous guider \u00e0 retrouver votre \u00e9quilibre et votre motivation.<\/p><\/div><\/div><\/div><\/div><\/div>\n\t<\/div>\n\t\t\t\t<\/div>\n\t\t\t\t<\/div>\n\t\t\t\t<div class=\"elementor-element elementor-element-b5f920c elementor-widget elementor-widget-qi_addons_for_elementor_premium_premium_button\" data-id=\"b5f920c\" data-element_type=\"widget\" data-widget_type=\"qi_addons_for_elementor_premium_premium_button.default\">\n\t\t\t\t<div class=\"elementor-widget-container\">\n\t\t\t\t\t<div class=\"qodef-shortcode qodef-m qodef-qi-premium-button qodef-layout--svg qodef-svg--full qodef-hover--svg-follow-mouse\" href=\"https:\/\/www.instagram.com\/ornella_alomba\/\" target=\"_self\">\n\t<a class=\"qodef-m-link qodef-html--link\" href=\"https:\/\/www.instagram.com\/ornella_alomba\/\" target=\"_self\">\n\t\t<span class=\"qodef-m-text\">Suivez mon aventure sur insta<\/span>\n\t\t<span class=\"qodef-m-svg\">\n\t<svg x=\"0px\" y=\"0px\" width=\"231px\" height=\"173px\" viewBox=\"244.481 -38.794 231 173\" xml:space=\"preserve\"><path fill=\"none\" stroke=\"#E48E63\" d=\"M249.406,17.039c0,0,21.395-79.146,139.543-48.125C493.252-3.699,474.445,58.653,472.355,68.2  C449.601,172.062,209.708,150.525,249.406,17.039z\"><\/path><\/svg><\/span>\n\t<\/a>\n<\/div>\n\t\t\t\t<\/div>\n\t\t\t\t<\/div>\n\t\t\t\t\t<\/div>\n\t\t<\/div>\n\t\t\t\t\t<\/div>\n\t\t<\/section>\n\t\t\t\t<section class=\"elementor-section elementor-top-section elementor-element elementor-element-ad44413 elementor-section-full_width elementor-hidden-desktop elementor-section-height-default elementor-section-height-default qodef-elementor-content-no\" data-id=\"ad44413\" data-element_type=\"section\" data-settings=\"{&quot;background_background&quot;:&quot;classic&quot;}\">\n\t\t\t\t\t\t<div class=\"elementor-container elementor-column-gap-default\">\n\t\t\t\t\t<div class=\"elementor-column elementor-col-100 elementor-top-column elementor-element elementor-element-5b1ac75 qodef-sticky-column--no\" data-id=\"5b1ac75\" data-element_type=\"column\" data-settings=\"{&quot;background_background&quot;:&quot;classic&quot;}\">\n\t\t\t<div class=\"elementor-widget-wrap elementor-element-populated\">\n\t\t\t\t\t\t<div class=\"elementor-element elementor-element-8366688 elementor-widget__width-inherit elementor-widget elementor-widget-image\" data-id=\"8366688\" data-element_type=\"widget\" data-widget_type=\"image.default\">\n\t\t\t\t<div class=\"elementor-widget-container\">\n\t\t\t\t\t\t\t\t\t\t\t\t\t\t\t<img decoding=\"async\" width=\"800\" height=\"896\" src=\"https:\/\/lavieinterieure.ch\/wp-content\/uploads\/2024\/11\/Image-page-home-jaune-2.png\" class=\"attachment-qi_addons_for_elementor_image_size_huge-square size-qi_addons_for_elementor_image_size_huge-square wp-image-2022\" alt=\"\" srcset=\"https:\/\/lavieinterieure.ch\/wp-content\/uploads\/2024\/11\/Image-page-home-jaune-2.png 800w, https:\/\/lavieinterieure.ch\/wp-content\/uploads\/2024\/11\/Image-page-home-jaune-2-268x300.png 268w, https:\/\/lavieinterieure.ch\/wp-content\/uploads\/2024\/11\/Image-page-home-jaune-2-768x860.png 768w\" sizes=\"(max-width: 800px) 100vw, 800px\" \/>\t\t\t\t\t\t\t\t\t\t\t\t\t\t\t<\/div>\n\t\t\t\t<\/div>\n\t\t\t\t\t<\/div>\n\t\t<\/div>\n\t\t\t\t\t<\/div>\n\t\t<\/section>\n\t\t\t\t<\/div>\n\t\t","protected":false},"excerpt":{"rendered":"<p>Hello, moi c&rsquo;est Ornella Mon sourire est ma force, mon alli\u00e9. Il est empli d\u2019amour et de sinc\u00e9rit\u00e9, et m\u2019a accompagn\u00e9e \u00e0 travers toutes mes \u00e9preuves. Au fil des ann\u00e9es, il est devenu bien plus qu\u2019une expression : il incarne ma d\u00e9termination \u00e0 offrir aux autres un espace de paix et de r\u00e9confort. Depuis toujours, [&hellip;]<\/p>\n","protected":false},"author":1,"featured_media":0,"parent":0,"menu_order":0,"comment_status":"closed","ping_status":"closed","template":"qi-full-width.php","meta":{"content-type":"","footnotes":""},"class_list":["post-1122","page","type-page","status-publish","hentry"],"_links":{"self":[{"href":"https:\/\/lavieinterieure.ch\/index.php?rest_route=\/wp\/v2\/pages\/1122","targetHints":{"allow":["GET"]}}],"collection":[{"href":"https:\/\/lavieinterieure.ch\/index.php?rest_route=\/wp\/v2\/pages"}],"about":[{"href":"https:\/\/lavieinterieure.ch\/index.php?rest_route=\/wp\/v2\/types\/page"}],"author":[{"embeddable":true,"href":"https:\/\/lavieinterieure.ch\/index.php?rest_route=\/wp\/v2\/users\/1"}],"replies":[{"embeddable":true,"href":"https:\/\/lavieinterieure.ch\/index.php?rest_route=%2Fwp%2Fv2%2Fcomments&post=1122"}],"version-history":[{"count":57,"href":"https:\/\/lavieinterieure.ch\/index.php?rest_route=\/wp\/v2\/pages\/1122\/revisions"}],"predecessor-version":[{"id":2054,"href":"https:\/\/lavieinterieure.ch\/index.php?rest_route=\/wp\/v2\/pages\/1122\/revisions\/2054"}],"wp:attachment":[{"href":"https:\/\/lavieinterieure.ch\/index.php?rest_route=%2Fwp%2Fv2%2Fmedia&parent=1122"}],"curies":[{"name":"wp","href":"https:\/\/api.w.org\/{rel}","templated":true}]}}