{"id":1418,"date":"2023-08-10T17:12:19","date_gmt":"2023-08-10T17:12:19","guid":{"rendered":"https:\/\/lavieinterieure.ch\/?page_id=1418"},"modified":"2024-10-28T20:47:10","modified_gmt":"2024-10-28T20:47:10","slug":"blog","status":"publish","type":"page","link":"https:\/\/lavieinterieure.ch\/?page_id=1418","title":{"rendered":"blog"},"content":{"rendered":"\t\t<div data-elementor-type=\"wp-page\" data-elementor-id=\"1418\" class=\"elementor elementor-1418\">\n\t\t\t\t\t\t<section class=\"elementor-section elementor-top-section elementor-element elementor-element-a473df3 elementor-section-full_width elementor-section-height-default elementor-section-height-default qodef-elementor-content-no\" data-id=\"a473df3\" data-element_type=\"section\" data-settings=\"{&quot;background_background&quot;:&quot;classic&quot;}\">\n\t\t\t\t\t\t<div class=\"elementor-container elementor-column-gap-default\">\n\t\t\t\t\t<div class=\"elementor-column elementor-col-50 elementor-top-column elementor-element elementor-element-73e2ba3 qodef-sticky-column--no\" data-id=\"73e2ba3\" data-element_type=\"column\" data-settings=\"{&quot;background_background&quot;:&quot;classic&quot;}\">\n\t\t\t<div class=\"elementor-widget-wrap elementor-element-populated\">\n\t\t\t\t\t\t<div class=\"elementor-element elementor-element-f3c6234 elementor-widget elementor-widget-sidebar\" data-id=\"f3c6234\" data-element_type=\"widget\" data-widget_type=\"sidebar.default\">\n\t\t\t\t<div class=\"elementor-widget-container\">\n\t\t\t\t\t<div id=\"block-3\" class=\"widget widget_block\" data-area=\"main-sidebar\">\n<div class=\"wp-block-group\"><div class=\"wp-block-group__inner-container is-layout-flow wp-block-group-is-layout-flow\">\n<h2 class=\"wp-block-heading\">Derniers articles<\/h2>\n\n\n<ul class=\"wp-block-latest-posts__list wp-block-latest-posts\"><li><a class=\"wp-block-latest-posts__post-title\" href=\"https:\/\/lavieinterieure.ch\/?p=1430\">Changement et croissance : Comment transformer les obstacles en opportunit\u00e9s<\/a><\/li>\n<\/ul><\/div><\/div>\n<\/div><div id=\"block-6\" class=\"widget widget_block\" data-area=\"main-sidebar\">\n<div class=\"wp-block-group\"><div class=\"wp-block-group__inner-container is-layout-flow wp-block-group-is-layout-flow\">\n<h2 class=\"wp-block-heading\">Categories<\/h2>\n\n\n<ul class=\"wp-block-categories-list wp-block-categories\">\t<li class=\"cat-item cat-item-1\"><a href=\"https:\/\/lavieinterieure.ch\/?cat=1\">Coaching<\/a>\n<\/li>\n<\/ul><\/div><\/div>\n<\/div>\t\t\t\t<\/div>\n\t\t\t\t<\/div>\n\t\t\t\t\t<\/div>\n\t\t<\/div>\n\t\t\t\t<div class=\"elementor-column elementor-col-50 elementor-top-column elementor-element elementor-element-e46e166 qodef-sticky-column--no\" data-id=\"e46e166\" data-element_type=\"column\" data-settings=\"{&quot;background_background&quot;:&quot;classic&quot;}\">\n\t\t\t<div class=\"elementor-widget-wrap elementor-element-populated\">\n\t\t\t\t\t\t<div class=\"elementor-element elementor-element-84d8b81 elementor-widget elementor-widget-qi_addons_for_elementor_premium_blog_list_premium\" data-id=\"84d8b81\" data-element_type=\"widget\" data-widget_type=\"qi_addons_for_elementor_premium_blog_list_premium.default\">\n\t\t\t\t<div class=\"elementor-widget-container\">\n\t\t\t\t\t<div class=\"qodef-shortcode qodef-m qodef-qi-blog-list-premium qodef--list qodef--same-height qodef-info-no-icons qodef-image--hover-zoom qodef-alignment--center qodef-qi-grid qodef-layout--qi-columns qodef-col-num--3 qodef-responsive--predefined\" >\n\t<div class=\"qodef-grid-inner qodef--masonry-init\">\n\t\t\t<div class=\"qodef-qi-grid-masonry-sizer\"><\/div>\n<article class=\"qodef-e qodef-blog-item qodef-grid-item post-1430 post type-post status-publish format-standard has-post-thumbnail hentry category-coaching\">\n\t<div class=\"qodef-e-inner\">\n\t\t<div class=\"qodef-e-media\">\n\t\t<div class=\"qodef-e-media-image\">\n\t\t<a itemprop=\"url\" href=\"https:\/\/lavieinterieure.ch\/?p=1430\">\n\t\t\t<img fetchpriority=\"high\" decoding=\"async\" width=\"650\" height=\"650\" src=\"https:\/\/lavieinterieure.ch\/wp-content\/uploads\/2024\/10\/WhatsApp-Image-2024-10-06-a-08.21.20_2309a1ea-650x650.jpg\" class=\"attachment-qi_addons_for_elementor_image_size_square size-qi_addons_for_elementor_image_size_square\" alt=\"\" srcset=\"https:\/\/lavieinterieure.ch\/wp-content\/uploads\/2024\/10\/WhatsApp-Image-2024-10-06-a-08.21.20_2309a1ea-650x650.jpg 650w, https:\/\/lavieinterieure.ch\/wp-content\/uploads\/2024\/10\/WhatsApp-Image-2024-10-06-a-08.21.20_2309a1ea-150x150.jpg 150w\" sizes=\"(max-width: 650px) 100vw, 650px\" \/>\t\t<\/a>\n\t\t\t<\/div>\n<\/div>\n\t\t<div class=\"qodef-e-content\">\n\t\t\t<div class=\"qodef-e-text\">\n\t\t\t\t<h5 itemprop=\"name\" class=\"qodef-e-title entry-title\">\n\t<a itemprop=\"url\" class=\"qodef-e-title-link\" href=\"https:\/\/lavieinterieure.ch\/?p=1430\">\n\t\tChangement et croissance : Comment transformer les obstacles en opportunit\u00e9s\t<\/a>\n<\/h5>\n\t\t\t<\/div>\n\t\t\t\t\t\t\t<div class=\"qodef-e-info qodef-info--bottom\">\n\t\t\t\t\t<div class=\"qodef-e-info-item qodef-e-info-category\">\n\t\t<a href=\"https:\/\/lavieinterieure.ch\/?cat=1\" rel=\"category\">Coaching<\/a><\/div>\n\t\t\t\t<\/div>\n\t\t\t\t\t<\/div>\n\t<\/div>\n<\/article>\n\t<\/div>\n\t<\/div>\n\t\t\t\t<\/div>\n\t\t\t\t<\/div>\n\t\t\t\t\t<\/div>\n\t\t<\/div>\n\t\t\t\t\t<\/div>\n\t\t<\/section>\n\t\t\t\t<section class=\"elementor-section elementor-top-section elementor-element elementor-element-1b6e43a elementor-section-height-min-height elementor-section-boxed elementor-section-height-default elementor-section-items-middle qodef-elementor-content-no\" data-id=\"1b6e43a\" data-element_type=\"section\">\n\t\t\t\t\t\t<div class=\"elementor-container elementor-column-gap-default\">\n\t\t\t\t\t<div class=\"elementor-column elementor-col-100 elementor-top-column elementor-element elementor-element-1a23673 qodef-sticky-column--no\" data-id=\"1a23673\" data-element_type=\"column\">\n\t\t\t<div class=\"elementor-widget-wrap elementor-element-populated\">\n\t\t\t\t\t\t<div class=\"elementor-element elementor-element-b139816 elementor-widget elementor-widget-qi_addons_for_elementor_section_title\" data-id=\"b139816\" data-element_type=\"widget\" data-widget_type=\"qi_addons_for_elementor_section_title.default\">\n\t\t\t\t<div class=\"elementor-widget-container\">\n\t\t\t\t\t<div class=\"qodef-shortcode qodef-m qodef-qi-section-title qodef-decoration--italic qodef-link--underline-draw qodef-subtitle-icon--left\">\n\t\t\t\t\t\t\t\t<div class=\"qodef-m-text\"><h1 class=\"qodef-m-title\">Je propose des offres vari\u00e9es afin de m'adapter au mieux \u00e0 votre individualit\u00e9 et vos objectifs.<\/h1><\/div>\n\t<\/div>\n\t\t\t\t<\/div>\n\t\t\t\t<\/div>\n\t\t\t\t<div class=\"elementor-element elementor-element-a819580 elementor-widget elementor-widget-qi_addons_for_elementor_premium_premium_button\" data-id=\"a819580\" data-element_type=\"widget\" data-widget_type=\"qi_addons_for_elementor_premium_premium_button.default\">\n\t\t\t\t<div class=\"elementor-widget-container\">\n\t\t\t\t\t<div class=\"qodef-shortcode qodef-m qodef-qi-premium-button qodef-layout--svg qodef-svg--full qodef-hover--svg-follow-mouse\" href=\"http:\/\/processus\" target=\"_self\">\n\t<a class=\"qodef-m-link qodef-html--link\" href=\"http:\/\/processus\" target=\"_self\">\n\t\t<span class=\"qodef-m-text\">Mes offres<\/span>\n\t\t<span class=\"qodef-m-svg\">\n\t<svg x=\"0px\" y=\"0px\" width=\"231px\" height=\"173px\" viewBox=\"244.481 -38.794 231 173\" xml:space=\"preserve\"><path fill=\"none\" stroke=\"#E48E63\" d=\"M249.406,17.039c0,0,21.395-79.146,139.543-48.125C493.252-3.699,474.445,58.653,472.355,68.2  C449.601,172.062,209.708,150.525,249.406,17.039z\"><\/path><\/svg><\/span>\n\t<\/a>\n<\/div>\n\t\t\t\t<\/div>\n\t\t\t\t<\/div>\n\t\t\t\t\t<\/div>\n\t\t<\/div>\n\t\t\t\t\t<\/div>\n\t\t<\/section>\n\t\t\t\t<\/div>\n\t\t","protected":false},"excerpt":{"rendered":"<p>article n\u00b01 Uncategorized article n\u00b01 Uncategorized article n\u00b01 Uncategorized article n\u00b01 Uncategorized Je propose des offres vari\u00e9es afin de m&rsquo;adapter au mieux \u00e0 votre individualit\u00e9 et vos objectifs. Mes offres<\/p>\n","protected":false},"author":1,"featured_media":0,"parent":0,"menu_order":0,"comment_status":"closed","ping_status":"closed","template":"qi-full-width.php","meta":{"content-type":"","footnotes":""},"class_list":["post-1418","page","type-page","status-publish","hentry"],"_links":{"self":[{"href":"https:\/\/lavieinterieure.ch\/index.php?rest_route=\/wp\/v2\/pages\/1418","targetHints":{"allow":["GET"]}}],"collection":[{"href":"https:\/\/lavieinterieure.ch\/index.php?rest_route=\/wp\/v2\/pages"}],"about":[{"href":"https:\/\/lavieinterieure.ch\/index.php?rest_route=\/wp\/v2\/types\/page"}],"author":[{"embeddable":true,"href":"https:\/\/lavieinterieure.ch\/index.php?rest_route=\/wp\/v2\/users\/1"}],"replies":[{"embeddable":true,"href":"https:\/\/lavieinterieure.ch\/index.php?rest_route=%2Fwp%2Fv2%2Fcomments&post=1418"}],"version-history":[{"count":13,"href":"https:\/\/lavieinterieure.ch\/index.php?rest_route=\/wp\/v2\/pages\/1418\/revisions"}],"predecessor-version":[{"id":1447,"href":"https:\/\/lavieinterieure.ch\/index.php?rest_route=\/wp\/v2\/pages\/1418\/revisions\/1447"}],"wp:attachment":[{"href":"https:\/\/lavieinterieure.ch\/index.php?rest_route=%2Fwp%2Fv2%2Fmedia&parent=1418"}],"curies":[{"name":"wp","href":"https:\/\/api.w.org\/{rel}","templated":true}]}}