{"id":278,"date":"2021-09-02T10:26:24","date_gmt":"2021-09-02T10:26:24","guid":{"rendered":"https:\/\/qi102.qodeinteractive.com\/?page_id=278"},"modified":"2024-01-15T20:11:57","modified_gmt":"2024-01-15T20:11:57","slug":"works","status":"publish","type":"page","link":"https:\/\/lavieinterieure.ch\/?page_id=278","title":{"rendered":"FAQ"},"content":{"rendered":"\t\t<div data-elementor-type=\"wp-page\" data-elementor-id=\"278\" class=\"elementor elementor-278\">\n\t\t\t\t\t\t<section class=\"elementor-section elementor-top-section elementor-element elementor-element-b426445 elementor-section-height-min-height elementor-section-boxed elementor-section-height-default elementor-section-items-middle qodef-elementor-content-no\" data-id=\"b426445\" data-element_type=\"section\">\n\t\t\t\t\t\t<div class=\"elementor-container elementor-column-gap-default\">\n\t\t\t\t\t<div class=\"elementor-column elementor-col-100 elementor-top-column elementor-element elementor-element-287f854 qodef-sticky-column--no\" data-id=\"287f854\" data-element_type=\"column\">\n\t\t\t<div class=\"elementor-widget-wrap elementor-element-populated\">\n\t\t\t\t\t\t<div class=\"elementor-element elementor-element-dd527c8 elementor-widget elementor-widget-qi_addons_for_elementor_section_title\" data-id=\"dd527c8\" data-element_type=\"widget\" data-widget_type=\"qi_addons_for_elementor_section_title.default\">\n\t\t\t\t<div class=\"elementor-widget-container\">\n\t\t\t\t\t<div class=\"qodef-shortcode qodef-m qodef-qi-section-title qodef-decoration--italic qodef-link--underline-draw qodef-subtitle-icon--left\">\n\t\t\t\t\t\t<h2 class=\"qodef-m-title\">\n\t\tFAQ - Si la r\u00e9ponse \u00e0 votre question ne se trouve pas si-dessous, prenez contact avec moi. Je me ferai un plaisir d'y r\u00e9pondre.\t<\/h2>\n\t\t\t<\/div>\n\t\t\t\t<\/div>\n\t\t\t\t<\/div>\n\t\t\t\t<div class=\"elementor-element elementor-element-243ad85 elementor-widget elementor-widget-qi_addons_for_elementor_premium_premium_button\" data-id=\"243ad85\" data-element_type=\"widget\" data-widget_type=\"qi_addons_for_elementor_premium_premium_button.default\">\n\t\t\t\t<div class=\"elementor-widget-container\">\n\t\t\t\t\t<div class=\"qodef-shortcode qodef-m qodef-qi-premium-button qodef-layout--svg qodef-svg--full qodef-hover--svg-follow-mouse\" href=\"https:\/\/lavieinterieure.ch\/?page_id=188\" target=\"_self\">\n\t<a class=\"qodef-m-link qodef-html--link\" href=\"https:\/\/lavieinterieure.ch\/?page_id=188\" target=\"_self\">\n\t\t<span class=\"qodef-m-text\">contact<\/span>\n\t\t<span class=\"qodef-m-svg\">\n\t<svg x=\"0px\" y=\"0px\" width=\"231px\" height=\"173px\" viewBox=\"244.481 -38.794 231 173\" xml:space=\"preserve\"><path fill=\"none\" stroke=\"#E48E63\" d=\"M249.406,17.039c0,0,21.395-79.146,139.543-48.125C493.252-3.699,474.445,58.653,472.355,68.2  C449.601,172.062,209.708,150.525,249.406,17.039z\"><\/path><\/svg><\/span>\n\t<\/a>\n<\/div>\n\t\t\t\t<\/div>\n\t\t\t\t<\/div>\n\t\t\t\t\t<\/div>\n\t\t<\/div>\n\t\t\t\t\t<\/div>\n\t\t<\/section>\n\t\t\t\t<section class=\"elementor-section elementor-top-section elementor-element elementor-element-44d5752 elementor-section-full_width elementor-section-height-default elementor-section-height-default qodef-elementor-content-no\" data-id=\"44d5752\" data-element_type=\"section\">\n\t\t\t\t\t\t<div class=\"elementor-container elementor-column-gap-default\">\n\t\t\t\t\t<div class=\"elementor-column elementor-col-50 elementor-top-column elementor-element elementor-element-f8507b2 elementor-hidden-tablet elementor-hidden-mobile qodef-sticky-column--no\" data-id=\"f8507b2\" data-element_type=\"column\" data-settings=\"{&quot;background_background&quot;:&quot;classic&quot;}\">\n\t\t\t<div class=\"elementor-widget-wrap elementor-element-populated\">\n\t\t\t\t\t\t<div class=\"elementor-element elementor-element-1f9bcff elementor-widget elementor-widget-image\" data-id=\"1f9bcff\" data-element_type=\"widget\" data-widget_type=\"image.default\">\n\t\t\t\t<div class=\"elementor-widget-container\">\n\t\t\t\t\t\t\t\t\t\t\t\t\t\t\t<img fetchpriority=\"high\" decoding=\"async\" width=\"768\" height=\"1024\" src=\"https:\/\/lavieinterieure.ch\/wp-content\/uploads\/2023\/09\/WhatsApp-Image-2023-09-26-a-15.52.05.jpg\" class=\"attachment-large size-large wp-image-1607\" alt=\"\" srcset=\"https:\/\/lavieinterieure.ch\/wp-content\/uploads\/2023\/09\/WhatsApp-Image-2023-09-26-a-15.52.05.jpg 768w, https:\/\/lavieinterieure.ch\/wp-content\/uploads\/2023\/09\/WhatsApp-Image-2023-09-26-a-15.52.05-225x300.jpg 225w\" sizes=\"(max-width: 768px) 100vw, 768px\" \/>\t\t\t\t\t\t\t\t\t\t\t\t\t\t\t<\/div>\n\t\t\t\t<\/div>\n\t\t\t\t\t<\/div>\n\t\t<\/div>\n\t\t\t\t<div class=\"elementor-column elementor-col-50 elementor-top-column elementor-element elementor-element-0ed3c36 qodef-sticky-column--no\" data-id=\"0ed3c36\" data-element_type=\"column\" data-settings=\"{&quot;background_background&quot;:&quot;classic&quot;}\">\n\t\t\t<div class=\"elementor-widget-wrap elementor-element-populated\">\n\t\t\t\t\t\t<div class=\"elementor-element elementor-element-bc29f6f elementor-widget elementor-widget-qi_addons_for_elementor_accordion\" data-id=\"bc29f6f\" data-element_type=\"widget\" data-widget_type=\"qi_addons_for_elementor_accordion.default\">\n\t\t\t\t<div class=\"elementor-widget-container\">\n\t\t\t\t\t<div class=\"qodef-shortcode qodef-m qodef-qi-accordion qodef-qi-clear qodef-behavior--accordion qodef-layout--simple qodef-style--border-top qodef-height--content\">\n\t<h3 class=\"qodef-e-title-holder\">\n\t<span class=\"qodef-e-title\">Qu&#039;est-ce que le coaching ?<\/span>\n\t<span class=\"qodef-e-mark\">\n\t\t<span class=\"qodef-icon--plus\">\n\t\t\t\t<span class=\"qodef-e-icon\">\n\t\t<svg xmlns=\"http:\/\/www.w3.org\/2000\/svg\" width=\"165.444\" height=\"163.678\" viewBox=\"0 0 165.444 163.678\"><title>plus<\/title><g><path d=\"M75.184,4.842c.625,26.262,1.739,52.49,4.724,78.6,2.986,26.126,6.266,52.184,8.605,78.383.4,4.432,5.666-.115,5.408-3-2.339-26.2-5.619-52.257-8.606-78.383s-4.1-52.338-4.723-78.6c-.106-4.415-5.476.136-5.408,3Z\" fill=\"#db8b58\"><\/path><path d=\"M1.442,82.2c26.917,1.709,53.877,2.819,80.85,2.119,26.689-.693,53.293-3.077,79.842-5.783,2.782-.283,5.157-7.14,1.271-6.744-26.617,2.713-53.287,5.069-80.046,5.7-26.469.628-52.924-.479-79.336-2.156C1.112,75.15-1.84,81.987,1.442,82.2Z\" fill=\"#db8b58\"><\/path><\/g><\/svg>\t<\/span>\n\t\t\t<\/span>\n\t\t<span class=\"qodef-icon--minus\">\n\t\t\t\t<span class=\"qodef-e-icon\">\n\t\t<svg xmlns=\"http:\/\/www.w3.org\/2000\/svg\" width=\"215.965\" height=\"6.861\" viewBox=\"0 0 215.965 6.861\"><title>moins<\/title><path d=\"M1.411,6.861H211.974c2.921,0,5.787-6.861,2.58-6.861H3.991C1.07,0-1.8,6.861,1.411,6.861Z\" fill=\"#db8b58\"><\/path><\/svg>\t<\/span>\n\t\t\t<\/span>\n\t<\/span>\n<\/h3>\n<div class=\"qodef-e-content\">\n\t<div class=\"qodef-e-content-inner\">\n\t\t<p>Le coaching est un processus d'accompagnement visant \u00e0 aider une personne \u00e0 atteindre ses objectifs personnels ou professionnels. Le coach est un professionnel qui aide le client \u00e0 clarifier ses objectifs, \u00e0 d\u00e9velopper ses comp\u00e9tences et \u00e0 mettre en \u0153uvre un plan d'action.\u00a0<\/p>\t<\/div>\n<\/div>\n<h3 class=\"qodef-e-title-holder\">\n\t<span class=\"qodef-e-title\">Quels sont les avantages du coaching ?<\/span>\n\t<span class=\"qodef-e-mark\">\n\t\t<span class=\"qodef-icon--plus\">\n\t\t\t\t<span class=\"qodef-e-icon\">\n\t\t<svg xmlns=\"http:\/\/www.w3.org\/2000\/svg\" width=\"165.444\" height=\"163.678\" viewBox=\"0 0 165.444 163.678\"><title>plus<\/title><g><path d=\"M75.184,4.842c.625,26.262,1.739,52.49,4.724,78.6,2.986,26.126,6.266,52.184,8.605,78.383.4,4.432,5.666-.115,5.408-3-2.339-26.2-5.619-52.257-8.606-78.383s-4.1-52.338-4.723-78.6c-.106-4.415-5.476.136-5.408,3Z\" fill=\"#db8b58\"><\/path><path d=\"M1.442,82.2c26.917,1.709,53.877,2.819,80.85,2.119,26.689-.693,53.293-3.077,79.842-5.783,2.782-.283,5.157-7.14,1.271-6.744-26.617,2.713-53.287,5.069-80.046,5.7-26.469.628-52.924-.479-79.336-2.156C1.112,75.15-1.84,81.987,1.442,82.2Z\" fill=\"#db8b58\"><\/path><\/g><\/svg>\t<\/span>\n\t\t\t<\/span>\n\t\t<span class=\"qodef-icon--minus\">\n\t\t\t\t<span class=\"qodef-e-icon\">\n\t\t<svg xmlns=\"http:\/\/www.w3.org\/2000\/svg\" width=\"215.965\" height=\"6.861\" viewBox=\"0 0 215.965 6.861\"><title>moins<\/title><path d=\"M1.411,6.861H211.974c2.921,0,5.787-6.861,2.58-6.861H3.991C1.07,0-1.8,6.861,1.411,6.861Z\" fill=\"#db8b58\"><\/path><\/svg>\t<\/span>\n\t\t\t<\/span>\n\t<\/span>\n<\/h3>\n<div class=\"qodef-e-content\">\n\t<div class=\"qodef-e-content-inner\">\n\t\t<p>Les avantages du coaching sont nombreux. Le coaching peut vous aider \u00e0 :<\/p><ul><li>Am\u00e9liorer vos performances<\/li><li>D\u00e9velopper de nouvelles comp\u00e9tences<\/li><li>Gagner en confiance<\/li><li>R\u00e9soudre des probl\u00e8mes<\/li><li>Prendre de meilleures d\u00e9cisions<\/li><\/ul>\t<\/div>\n<\/div>\n<h3 class=\"qodef-e-title-holder\">\n\t<span class=\"qodef-e-title\">Combien co\u00fbte le coaching ?<\/span>\n\t<span class=\"qodef-e-mark\">\n\t\t<span class=\"qodef-icon--plus\">\n\t\t\t\t<span class=\"qodef-e-icon\">\n\t\t<svg xmlns=\"http:\/\/www.w3.org\/2000\/svg\" width=\"165.444\" height=\"163.678\" viewBox=\"0 0 165.444 163.678\"><title>plus<\/title><g><path d=\"M75.184,4.842c.625,26.262,1.739,52.49,4.724,78.6,2.986,26.126,6.266,52.184,8.605,78.383.4,4.432,5.666-.115,5.408-3-2.339-26.2-5.619-52.257-8.606-78.383s-4.1-52.338-4.723-78.6c-.106-4.415-5.476.136-5.408,3Z\" fill=\"#db8b58\"><\/path><path d=\"M1.442,82.2c26.917,1.709,53.877,2.819,80.85,2.119,26.689-.693,53.293-3.077,79.842-5.783,2.782-.283,5.157-7.14,1.271-6.744-26.617,2.713-53.287,5.069-80.046,5.7-26.469.628-52.924-.479-79.336-2.156C1.112,75.15-1.84,81.987,1.442,82.2Z\" fill=\"#db8b58\"><\/path><\/g><\/svg>\t<\/span>\n\t\t\t<\/span>\n\t\t<span class=\"qodef-icon--minus\">\n\t\t\t\t<span class=\"qodef-e-icon\">\n\t\t<svg xmlns=\"http:\/\/www.w3.org\/2000\/svg\" width=\"215.965\" height=\"6.861\" viewBox=\"0 0 215.965 6.861\"><title>moins<\/title><path d=\"M1.411,6.861H211.974c2.921,0,5.787-6.861,2.58-6.861H3.991C1.07,0-1.8,6.861,1.411,6.861Z\" fill=\"#db8b58\"><\/path><\/svg>\t<\/span>\n\t\t\t<\/span>\n\t<\/span>\n<\/h3>\n<div class=\"qodef-e-content\">\n\t<div class=\"qodef-e-content-inner\">\n\t\t<p>Le co\u00fbt du coaching varie en fonction du type de coaching, de l'exp\u00e9rience du coach et de la r\u00e9gion. En moyenne, une s\u00e9ance de coaching co\u00fbte:<\/p><ul><li>Coaching personnel - CHF 150-250 par s\u00e9ance<\/li><li>Coaching professionnel - CHF 100-150 par s\u00e9ance<\/li><li>Coaching d'\u00e9quipe - CHF 200-300 par s\u00e9ance<\/li><\/ul><p>Il est important de noter que ces tarifs sont indicatifs et peuvent varier en fonction des facteurs mentionn\u00e9s ci-dessus. Il est donc conseill\u00e9 de demander un devis \u00e0 plusieurs coachs avant de prendre une d\u00e9cision.<\/p>\t<\/div>\n<\/div>\n<h3 class=\"qodef-e-title-holder\">\n\t<span class=\"qodef-e-title\">Comment se d\u00e9roule une s\u00e9ance de coaching ?<\/span>\n\t<span class=\"qodef-e-mark\">\n\t\t<span class=\"qodef-icon--plus\">\n\t\t\t\t<span class=\"qodef-e-icon\">\n\t\t<svg xmlns=\"http:\/\/www.w3.org\/2000\/svg\" width=\"165.444\" height=\"163.678\" viewBox=\"0 0 165.444 163.678\"><title>plus<\/title><g><path d=\"M75.184,4.842c.625,26.262,1.739,52.49,4.724,78.6,2.986,26.126,6.266,52.184,8.605,78.383.4,4.432,5.666-.115,5.408-3-2.339-26.2-5.619-52.257-8.606-78.383s-4.1-52.338-4.723-78.6c-.106-4.415-5.476.136-5.408,3Z\" fill=\"#db8b58\"><\/path><path d=\"M1.442,82.2c26.917,1.709,53.877,2.819,80.85,2.119,26.689-.693,53.293-3.077,79.842-5.783,2.782-.283,5.157-7.14,1.271-6.744-26.617,2.713-53.287,5.069-80.046,5.7-26.469.628-52.924-.479-79.336-2.156C1.112,75.15-1.84,81.987,1.442,82.2Z\" fill=\"#db8b58\"><\/path><\/g><\/svg>\t<\/span>\n\t\t\t<\/span>\n\t\t<span class=\"qodef-icon--minus\">\n\t\t\t\t<span class=\"qodef-e-icon\">\n\t\t<svg xmlns=\"http:\/\/www.w3.org\/2000\/svg\" width=\"215.965\" height=\"6.861\" viewBox=\"0 0 215.965 6.861\"><title>moins<\/title><path d=\"M1.411,6.861H211.974c2.921,0,5.787-6.861,2.58-6.861H3.991C1.07,0-1.8,6.861,1.411,6.861Z\" fill=\"#db8b58\"><\/path><\/svg>\t<\/span>\n\t\t\t<\/span>\n\t<\/span>\n<\/h3>\n<div class=\"qodef-e-content\">\n\t<div class=\"qodef-e-content-inner\">\n\t\t<p>Une s\u00e9ance de coaching dure g\u00e9n\u00e9ralement entre 60 minutes. Nous commen\u00e7ons par\u00a0 discuter vos objectifs. Ensuite, je vous pose des questions pour vous aider \u00e0 clarifier vos objectifs et \u00e0 identifier les obstacles qui pourraient l'emp\u00eacher de les atteindre. Nous travaillons ensuite ensemble pour d\u00e9velopper un plan d'action.<\/p>\t<\/div>\n<\/div>\n<h3 class=\"qodef-e-title-holder\">\n\t<span class=\"qodef-e-title\">Le coaching est-il efficace ?<\/span>\n\t<span class=\"qodef-e-mark\">\n\t\t<span class=\"qodef-icon--plus\">\n\t\t\t\t<span class=\"qodef-e-icon\">\n\t\t<svg xmlns=\"http:\/\/www.w3.org\/2000\/svg\" width=\"165.444\" height=\"163.678\" viewBox=\"0 0 165.444 163.678\"><title>plus<\/title><g><path d=\"M75.184,4.842c.625,26.262,1.739,52.49,4.724,78.6,2.986,26.126,6.266,52.184,8.605,78.383.4,4.432,5.666-.115,5.408-3-2.339-26.2-5.619-52.257-8.606-78.383s-4.1-52.338-4.723-78.6c-.106-4.415-5.476.136-5.408,3Z\" fill=\"#db8b58\"><\/path><path d=\"M1.442,82.2c26.917,1.709,53.877,2.819,80.85,2.119,26.689-.693,53.293-3.077,79.842-5.783,2.782-.283,5.157-7.14,1.271-6.744-26.617,2.713-53.287,5.069-80.046,5.7-26.469.628-52.924-.479-79.336-2.156C1.112,75.15-1.84,81.987,1.442,82.2Z\" fill=\"#db8b58\"><\/path><\/g><\/svg>\t<\/span>\n\t\t\t<\/span>\n\t\t<span class=\"qodef-icon--minus\">\n\t\t\t\t<span class=\"qodef-e-icon\">\n\t\t<svg xmlns=\"http:\/\/www.w3.org\/2000\/svg\" width=\"215.965\" height=\"6.861\" viewBox=\"0 0 215.965 6.861\"><title>moins<\/title><path d=\"M1.411,6.861H211.974c2.921,0,5.787-6.861,2.58-6.861H3.991C1.07,0-1.8,6.861,1.411,6.861Z\" fill=\"#db8b58\"><\/path><\/svg>\t<\/span>\n\t\t\t<\/span>\n\t<\/span>\n<\/h3>\n<div class=\"qodef-e-content\">\n\t<div class=\"qodef-e-content-inner\">\n\t\t<p>Les \u00e9tudes montrent que le coaching est un outil efficace pour am\u00e9liorer la performance et le bien-\u00eatre des personnes. Une \u00e9tude r\u00e9alis\u00e9e par la Harvard Business Review a r\u00e9v\u00e9l\u00e9 que les participants \u00e0 un programme de coaching ont connu une am\u00e9lioration significative de leur performance dans leur travail.<\/p>\t<\/div>\n<\/div>\n<h3 class=\"qodef-e-title-holder\">\n\t<span class=\"qodef-e-title\">Le coaching est-il fait pour moi ?<\/span>\n\t<span class=\"qodef-e-mark\">\n\t\t<span class=\"qodef-icon--plus\">\n\t\t\t\t<span class=\"qodef-e-icon\">\n\t\t<svg xmlns=\"http:\/\/www.w3.org\/2000\/svg\" width=\"165.444\" height=\"163.678\" viewBox=\"0 0 165.444 163.678\"><title>plus<\/title><g><path d=\"M75.184,4.842c.625,26.262,1.739,52.49,4.724,78.6,2.986,26.126,6.266,52.184,8.605,78.383.4,4.432,5.666-.115,5.408-3-2.339-26.2-5.619-52.257-8.606-78.383s-4.1-52.338-4.723-78.6c-.106-4.415-5.476.136-5.408,3Z\" fill=\"#db8b58\"><\/path><path d=\"M1.442,82.2c26.917,1.709,53.877,2.819,80.85,2.119,26.689-.693,53.293-3.077,79.842-5.783,2.782-.283,5.157-7.14,1.271-6.744-26.617,2.713-53.287,5.069-80.046,5.7-26.469.628-52.924-.479-79.336-2.156C1.112,75.15-1.84,81.987,1.442,82.2Z\" fill=\"#db8b58\"><\/path><\/g><\/svg>\t<\/span>\n\t\t\t<\/span>\n\t\t<span class=\"qodef-icon--minus\">\n\t\t\t\t<span class=\"qodef-e-icon\">\n\t\t<svg xmlns=\"http:\/\/www.w3.org\/2000\/svg\" width=\"215.965\" height=\"6.861\" viewBox=\"0 0 215.965 6.861\"><title>moins<\/title><path d=\"M1.411,6.861H211.974c2.921,0,5.787-6.861,2.58-6.861H3.991C1.07,0-1.8,6.861,1.411,6.861Z\" fill=\"#db8b58\"><\/path><\/svg>\t<\/span>\n\t\t\t<\/span>\n\t<\/span>\n<\/h3>\n<div class=\"qodef-e-content\">\n\t<div class=\"qodef-e-content-inner\">\n\t\t<p>Le coaching peut \u00eatre fait pour vous si vous \u00eates pr\u00eat \u00e0 :<\/p><ul><li>\u00catre responsable de votre propre d\u00e9veloppement<\/li><li>Atteindre des objectifs sp\u00e9cifiques ou faire des changements dans votre vie<\/li><li>Travailler activement sur vous-m\u00eame<\/li><li>Remettre en question vos sch\u00e9mas de pens\u00e9e<\/li><li>Sortir de votre zone de confort<\/li><li>D\u00e9velopper vos comp\u00e9tences d'auto-apprentissage<\/li><li>\u00catre ouvert(e) \u00e0 recevoir des commentaires constructifs<\/li><li>\u00catre responsable de vos actions<\/li><li>Travailler en \u00e9troite collaboration avec un(e) coach\u00a0<\/li><\/ul>\t<\/div>\n<\/div>\n<h3 class=\"qodef-e-title-holder\">\n\t<span class=\"qodef-e-title\">Quelles sont les limites du coaching ?<\/span>\n\t<span class=\"qodef-e-mark\">\n\t\t<span class=\"qodef-icon--plus\">\n\t\t\t\t<span class=\"qodef-e-icon\">\n\t\t<svg xmlns=\"http:\/\/www.w3.org\/2000\/svg\" width=\"165.444\" height=\"163.678\" viewBox=\"0 0 165.444 163.678\"><title>plus<\/title><g><path d=\"M75.184,4.842c.625,26.262,1.739,52.49,4.724,78.6,2.986,26.126,6.266,52.184,8.605,78.383.4,4.432,5.666-.115,5.408-3-2.339-26.2-5.619-52.257-8.606-78.383s-4.1-52.338-4.723-78.6c-.106-4.415-5.476.136-5.408,3Z\" fill=\"#db8b58\"><\/path><path d=\"M1.442,82.2c26.917,1.709,53.877,2.819,80.85,2.119,26.689-.693,53.293-3.077,79.842-5.783,2.782-.283,5.157-7.14,1.271-6.744-26.617,2.713-53.287,5.069-80.046,5.7-26.469.628-52.924-.479-79.336-2.156C1.112,75.15-1.84,81.987,1.442,82.2Z\" fill=\"#db8b58\"><\/path><\/g><\/svg>\t<\/span>\n\t\t\t<\/span>\n\t\t<span class=\"qodef-icon--minus\">\n\t\t\t\t<span class=\"qodef-e-icon\">\n\t\t<svg xmlns=\"http:\/\/www.w3.org\/2000\/svg\" width=\"215.965\" height=\"6.861\" viewBox=\"0 0 215.965 6.861\"><title>moins<\/title><path d=\"M1.411,6.861H211.974c2.921,0,5.787-6.861,2.58-6.861H3.991C1.07,0-1.8,6.861,1.411,6.861Z\" fill=\"#db8b58\"><\/path><\/svg>\t<\/span>\n\t\t\t<\/span>\n\t<\/span>\n<\/h3>\n<div class=\"qodef-e-content\">\n\t<div class=\"qodef-e-content-inner\">\n\t\t<p>Le coaching n'est pas une solution miracle. Il ne peut pas r\u00e9soudre tous les probl\u00e8mes. Le coaching est un outil qui peut vous aider \u00e0 atteindre vos objectifs, mais il ne peut pas le faire \u00e0 votre place.<\/p>\t<\/div>\n<\/div>\n<h3 class=\"qodef-e-title-holder\">\n\t<span class=\"qodef-e-title\">Quels sont les diff\u00e9rents types de coaching ?<\/span>\n\t<span class=\"qodef-e-mark\">\n\t\t<span class=\"qodef-icon--plus\">\n\t\t\t\t<span class=\"qodef-e-icon\">\n\t\t<svg xmlns=\"http:\/\/www.w3.org\/2000\/svg\" width=\"165.444\" height=\"163.678\" viewBox=\"0 0 165.444 163.678\"><title>plus<\/title><g><path d=\"M75.184,4.842c.625,26.262,1.739,52.49,4.724,78.6,2.986,26.126,6.266,52.184,8.605,78.383.4,4.432,5.666-.115,5.408-3-2.339-26.2-5.619-52.257-8.606-78.383s-4.1-52.338-4.723-78.6c-.106-4.415-5.476.136-5.408,3Z\" fill=\"#db8b58\"><\/path><path d=\"M1.442,82.2c26.917,1.709,53.877,2.819,80.85,2.119,26.689-.693,53.293-3.077,79.842-5.783,2.782-.283,5.157-7.14,1.271-6.744-26.617,2.713-53.287,5.069-80.046,5.7-26.469.628-52.924-.479-79.336-2.156C1.112,75.15-1.84,81.987,1.442,82.2Z\" fill=\"#db8b58\"><\/path><\/g><\/svg>\t<\/span>\n\t\t\t<\/span>\n\t\t<span class=\"qodef-icon--minus\">\n\t\t\t\t<span class=\"qodef-e-icon\">\n\t\t<svg xmlns=\"http:\/\/www.w3.org\/2000\/svg\" width=\"215.965\" height=\"6.861\" viewBox=\"0 0 215.965 6.861\"><title>moins<\/title><path d=\"M1.411,6.861H211.974c2.921,0,5.787-6.861,2.58-6.861H3.991C1.07,0-1.8,6.861,1.411,6.861Z\" fill=\"#db8b58\"><\/path><\/svg>\t<\/span>\n\t\t\t<\/span>\n\t<\/span>\n<\/h3>\n<div class=\"qodef-e-content\">\n\t<div class=\"qodef-e-content-inner\">\n\t\t<p>Il existe de nombreux types de coaching, chacun avec ses propres objectifs et approches. Les types de coaching les plus courants sont :<\/p><ul><li>Le coaching personnel - ce type de coaching vise \u00e0 aider une personne \u00e0 am\u00e9liorer sa vie personnelle, dans les domaines tels que les relations, la sant\u00e9, la carri\u00e8re ou le d\u00e9veloppement personnel.<\/li><li>Le coaching professionnel - ce type de coaching vise \u00e0 aider une personne \u00e0 am\u00e9liorer sa performance professionnelle, dans les domaines tels que la gestion, la communication ou la prise de d\u00e9cision.<\/li><li>Le coaching d'\u00e9quipe - ce type de coaching vise \u00e0 aider une \u00e9quipe \u00e0 am\u00e9liorer sa performance, dans les domaines tels que la collaboration, la communication ou la r\u00e9solution de conflits.<\/li><\/ul>\t<\/div>\n<\/div>\n<h3 class=\"qodef-e-title-holder\">\n\t<span class=\"qodef-e-title\">Comment \u00e9valuer le coaching ?<\/span>\n\t<span class=\"qodef-e-mark\">\n\t\t<span class=\"qodef-icon--plus\">\n\t\t\t\t<span class=\"qodef-e-icon\">\n\t\t<svg xmlns=\"http:\/\/www.w3.org\/2000\/svg\" width=\"165.444\" height=\"163.678\" viewBox=\"0 0 165.444 163.678\"><title>plus<\/title><g><path d=\"M75.184,4.842c.625,26.262,1.739,52.49,4.724,78.6,2.986,26.126,6.266,52.184,8.605,78.383.4,4.432,5.666-.115,5.408-3-2.339-26.2-5.619-52.257-8.606-78.383s-4.1-52.338-4.723-78.6c-.106-4.415-5.476.136-5.408,3Z\" fill=\"#db8b58\"><\/path><path d=\"M1.442,82.2c26.917,1.709,53.877,2.819,80.85,2.119,26.689-.693,53.293-3.077,79.842-5.783,2.782-.283,5.157-7.14,1.271-6.744-26.617,2.713-53.287,5.069-80.046,5.7-26.469.628-52.924-.479-79.336-2.156C1.112,75.15-1.84,81.987,1.442,82.2Z\" fill=\"#db8b58\"><\/path><\/g><\/svg>\t<\/span>\n\t\t\t<\/span>\n\t\t<span class=\"qodef-icon--minus\">\n\t\t\t\t<span class=\"qodef-e-icon\">\n\t\t<svg xmlns=\"http:\/\/www.w3.org\/2000\/svg\" width=\"215.965\" height=\"6.861\" viewBox=\"0 0 215.965 6.861\"><title>moins<\/title><path d=\"M1.411,6.861H211.974c2.921,0,5.787-6.861,2.58-6.861H3.991C1.07,0-1.8,6.861,1.411,6.861Z\" fill=\"#db8b58\"><\/path><\/svg>\t<\/span>\n\t\t\t<\/span>\n\t<\/span>\n<\/h3>\n<div class=\"qodef-e-content\">\n\t<div class=\"qodef-e-content-inner\">\n\t\t<p>Il est important d'\u00e9valuer le coaching pour s'assurer qu'il est efficace. Vous pouvez \u00e9valuer le coaching en mesurant vos progr\u00e8s vers vos objectifs. Vous pouvez \u00e9galement demander un feedback \u00e0 votre coach.<\/p>\t<\/div>\n<\/div>\n<\/div>\n\t\t\t\t<\/div>\n\t\t\t\t<\/div>\n\t\t\t\t\t<\/div>\n\t\t<\/div>\n\t\t\t\t\t<\/div>\n\t\t<\/section>\n\t\t\t\t<\/div>\n\t\t","protected":false},"excerpt":{"rendered":"<p>FAQ &#8211; Si la r\u00e9ponse \u00e0 votre question ne se trouve pas si-dessous, prenez contact avec moi. Je me ferai un plaisir d&rsquo;y r\u00e9pondre. contact Qu&#039;est-ce que le coaching ? plus moins Le coaching est un processus d&rsquo;accompagnement visant \u00e0 aider une personne \u00e0 atteindre ses objectifs personnels ou professionnels. Le coach est un professionnel [&hellip;]<\/p>\n","protected":false},"author":1,"featured_media":0,"parent":0,"menu_order":0,"comment_status":"closed","ping_status":"closed","template":"qi-full-width.php","meta":{"content-type":"","footnotes":""},"class_list":["post-278","page","type-page","status-publish","hentry"],"_links":{"self":[{"href":"https:\/\/lavieinterieure.ch\/index.php?rest_route=\/wp\/v2\/pages\/278","targetHints":{"allow":["GET"]}}],"collection":[{"href":"https:\/\/lavieinterieure.ch\/index.php?rest_route=\/wp\/v2\/pages"}],"about":[{"href":"https:\/\/lavieinterieure.ch\/index.php?rest_route=\/wp\/v2\/types\/page"}],"author":[{"embeddable":true,"href":"https:\/\/lavieinterieure.ch\/index.php?rest_route=\/wp\/v2\/users\/1"}],"replies":[{"embeddable":true,"href":"https:\/\/lavieinterieure.ch\/index.php?rest_route=%2Fwp%2Fv2%2Fcomments&post=278"}],"version-history":[{"count":25,"href":"https:\/\/lavieinterieure.ch\/index.php?rest_route=\/wp\/v2\/pages\/278\/revisions"}],"predecessor-version":[{"id":1852,"href":"https:\/\/lavieinterieure.ch\/index.php?rest_route=\/wp\/v2\/pages\/278\/revisions\/1852"}],"wp:attachment":[{"href":"https:\/\/lavieinterieure.ch\/index.php?rest_route=%2Fwp%2Fv2%2Fmedia&parent=278"}],"curies":[{"name":"wp","href":"https:\/\/api.w.org\/{rel}","templated":true}]}}